{"id":601,"date":"2016-10-07T07:47:22","date_gmt":"2016-10-07T07:47:22","guid":{"rendered":"http:\/\/www.multi-extrakt.ch\/fr\/impressum\/"},"modified":"2022-02-25T15:53:01","modified_gmt":"2022-02-25T14:53:01","slug":"mentions-legales","status":"publish","type":"page","link":"https:\/\/www.multi-extrakt.ch\/fr\/mentions-legales\/","title":{"rendered":"Mentions l\u00e9gales"},"content":{"rendered":"<div class=\"fusion-fullwidth fullwidth-box fusion-builder-row-1 nonhundred-percent-fullwidth non-hundred-percent-height-scrolling\" style=\"--awb-background-position:left top;--awb-border-radius-top-left:0px;--awb-border-radius-top-right:0px;--awb-border-radius-bottom-right:0px;--awb-border-radius-bottom-left:0px;--awb-padding-top:20px;--awb-padding-bottom:20px;--awb-border-sizes-top:0px;--awb-border-sizes-bottom:0px;--awb-flex-wrap:wrap;\" ><div class=\"fusion-builder-row fusion-row\"><div class=\"fusion-layout-column fusion_builder_column fusion-builder-column-0 fusion_builder_column_1_1 1_1 fusion-one-full fusion-column-first fusion-column-last fusion-column-no-min-height\" style=\"--awb-bg-size:cover;--awb-margin-bottom:0px;\"><div class=\"fusion-column-wrapper fusion-flex-column-wrapper-legacy\"><div class=\"fusion-text fusion-text-1\"><p>Le site www.multi-extrakt.ch est \u00e9dit\u00e9 par la soci\u00e9t\u00e9 Multi-Extrakt AG.<br \/>\nCe site est l\u2019enti\u00e8re propri\u00e9t\u00e9 de Multi-Extrakt AG.<br \/>\nToute reproduction de ce site (m\u00eame partielle) est interdite.<\/p>\n<p><strong>Adresse<\/strong><br \/>\nMulti-Extrakt AG<br \/>\nS\u00e4gestr. 11c<br \/>\nCH-3550 Langnau<\/p>\n<p><b>Contact<\/b><br \/>\nT\u00e9l\u00e9phone: 034 402 22 94<br \/>\nTelefax: 034 402 56 22<br \/>\nE-Mail: <a href=\"mailto:info@multi-extrakt.ch\" target=\"_blank\" rel=\"noopener\">info@multi-extrakt.ch<\/a><\/p>\n<p><strong>Informations de contact et \u00e9conomiques<br \/>\n<\/strong>Directeurs: Rudolf L\u00fcthi und Ren\u00e9 Mosimann<br \/>\n<a href=\"https:\/\/be.chregister.ch\/cr-portal\/auszug\/auszug.xhtml?uid=CHE-101.127.483\" target=\"_blank\" rel=\"noopener\">Handelsregister: CHE-101.127.483<br \/>\n<\/a>Num\u00e9ro TVA: CHE-101.127.483 TVA<br \/>\nSi\u00e8ge: CH-3550 Langnau i.E.<\/p>\n<\/div><div class=\"fusion-clearfix\"><\/div><\/div><\/div><\/div><\/div>\n","protected":false},"excerpt":{"rendered":"","protected":false},"author":1,"featured_media":0,"parent":0,"menu_order":0,"comment_status":"closed","ping_status":"closed","template":"","meta":{"footnotes":""},"class_list":["post-601","page","type-page","status-publish","hentry"],"_links":{"self":[{"href":"https:\/\/www.multi-extrakt.ch\/fr\/wp-json\/wp\/v2\/pages\/601","targetHints":{"allow":["GET"]}}],"collection":[{"href":"https:\/\/www.multi-extrakt.ch\/fr\/wp-json\/wp\/v2\/pages"}],"about":[{"href":"https:\/\/www.multi-extrakt.ch\/fr\/wp-json\/wp\/v2\/types\/page"}],"author":[{"embeddable":true,"href":"https:\/\/www.multi-extrakt.ch\/fr\/wp-json\/wp\/v2\/users\/1"}],"replies":[{"embeddable":true,"href":"https:\/\/www.multi-extrakt.ch\/fr\/wp-json\/wp\/v2\/comments?post=601"}],"version-history":[{"count":6,"href":"https:\/\/www.multi-extrakt.ch\/fr\/wp-json\/wp\/v2\/pages\/601\/revisions"}],"predecessor-version":[{"id":2144,"href":"https:\/\/www.multi-extrakt.ch\/fr\/wp-json\/wp\/v2\/pages\/601\/revisions\/2144"}],"wp:attachment":[{"href":"https:\/\/www.multi-extrakt.ch\/fr\/wp-json\/wp\/v2\/media?parent=601"}],"curies":[{"name":"wp","href":"https:\/\/api.w.org\/{rel}","templated":true}]}}