{"id":508,"date":"2016-08-05T08:24:25","date_gmt":"2016-08-05T08:24:25","guid":{"rendered":"http:\/\/www.multi-extrakt.ch\/fr\/?page_id=508"},"modified":"2022-02-25T15:53:01","modified_gmt":"2022-02-25T14:53:01","slug":"ingredients","status":"publish","type":"page","link":"https:\/\/www.multi-extrakt.ch\/fr\/ingredients\/","title":{"rendered":"Ingr\u00e9dients"},"content":{"rendered":"<div class=\"fusion-fullwidth fullwidth-box fusion-builder-row-1 nonhundred-percent-fullwidth non-hundred-percent-height-scrolling\" style=\"--awb-background-position:left top;--awb-border-radius-top-left:0px;--awb-border-radius-top-right:0px;--awb-border-radius-bottom-right:0px;--awb-border-radius-bottom-left:0px;--awb-padding-top:20px;--awb-padding-bottom:20px;--awb-border-sizes-top:0px;--awb-border-sizes-bottom:0px;--awb-flex-wrap:wrap;\" ><div class=\"fusion-builder-row fusion-row\"><div class=\"fusion-layout-column fusion_builder_column fusion-builder-column-0 fusion_builder_column_1_1 1_1 fusion-one-full fusion-column-first fusion-column-last fusion-column-no-min-height\" style=\"--awb-bg-size:cover;--awb-margin-bottom:0px;\"><div class=\"fusion-column-wrapper fusion-flex-column-wrapper-legacy\"><div class=\"fusion-text fusion-text-1\"><p>Aujourd\u2019hui le succ\u00e9dan\u00e9 de caf\u00e9 n\u2019est plus le m\u00eame qu\u2019au 19eme si\u00e8cle. Nous avons am\u00e9lior\u00e9 les recettes et avec le s\u00e9chage par pulv\u00e9risation soigneuse nous obtenons un succ\u00e9dan\u00e9 torr\u00e9fi\u00e9 \u00e0 l\u2019ar\u00f4me puissant qui incite au r\u00eave!<\/p>\n<\/div><div class=\"fusion-clearfix\"><\/div><\/div><\/div><div class=\"fusion-layout-column fusion_builder_column fusion-builder-column-1 fusion_builder_column_1_1 1_1 fusion-one-full fusion-column-first fusion-column-last fusion-column-no-min-height\" style=\"--awb-bg-size:cover;--awb-margin-bottom:0px;\"><div class=\"fusion-column-wrapper fusion-flex-column-wrapper-legacy\"><div class=\"fusion-title title fusion-title-1 fusion-sep-none fusion-title-text fusion-title-size-two\"><h2 class=\"fusion-title-heading title-heading-left\" style=\"margin:0;\">Quels sont les ingr\u00e9dients les plus importants?<\/h2><\/div><div class=\"fusion-clearfix\"><\/div><\/div><\/div><div class=\"fusion-layout-column fusion_builder_column fusion-builder-column-2 fusion_builder_column_1_2 1_2 fusion-one-half fusion-column-first\" style=\"--awb-bg-size:cover;width:48%; margin-right: 4%;\"><div class=\"fusion-column-wrapper fusion-flex-column-wrapper-legacy\"><div class=\"fusion-reading-box-container reading-box-container-1\" style=\"--awb-title-color:#333333;--awb-margin-top:0px;--awb-margin-bottom:84px;\"><div class=\"reading-box reading-box-center\" style=\"background-color:#f6f6f6;border-width:1px;border-color:#f6f6f6;border-top-width:3px;border-top-color:var(--primary_color);border-style:solid;\"><h2>Racine de chicor\u00e9e<\/h2><div class=\"reading-box-additional fusion-reading-box-additional\"><a href=\"http:\/\/www.multi-extrakt.ch\/wp-content\/uploads\/2016\/08\/Zichorien-2016-1-e1470142036741.jpg\"><img decoding=\"async\" class=\"wp-image-457 size-medium aligncenter\" src=\"http:\/\/www.multi-extrakt.ch\/wp-content\/uploads\/2016\/08\/Zichorien-2016-1-e1470142036741-169x300.jpg\" width=\"169\" height=\"300\" srcset=\"https:\/\/www.multi-extrakt.ch\/wp-content\/uploads\/2016\/08\/Zichorien-2016-1-e1470142036741-169x300.jpg 169w, https:\/\/www.multi-extrakt.ch\/wp-content\/uploads\/2016\/08\/Zichorien-2016-1-e1470142036741-200x356.jpg 200w, https:\/\/www.multi-extrakt.ch\/wp-content\/uploads\/2016\/08\/Zichorien-2016-1-e1470142036741-400x711.jpg 400w, https:\/\/www.multi-extrakt.ch\/wp-content\/uploads\/2016\/08\/Zichorien-2016-1-e1470142036741-500x889.jpg 500w, https:\/\/www.multi-extrakt.ch\/wp-content\/uploads\/2016\/08\/Zichorien-2016-1-e1470142036741-576x1024.jpg 576w, https:\/\/www.multi-extrakt.ch\/wp-content\/uploads\/2016\/08\/Zichorien-2016-1-e1470142036741-600x1067.jpg 600w, https:\/\/www.multi-extrakt.ch\/wp-content\/uploads\/2016\/08\/Zichorien-2016-1-e1470142036741-768x1365.jpg 768w, https:\/\/www.multi-extrakt.ch\/wp-content\/uploads\/2016\/08\/Zichorien-2016-1-e1470142036741-800x1422.jpg 800w, https:\/\/www.multi-extrakt.ch\/wp-content\/uploads\/2016\/08\/Zichorien-2016-1-e1470142036741-1200x2133.jpg 1200w, https:\/\/www.multi-extrakt.ch\/wp-content\/uploads\/2016\/08\/Zichorien-2016-1-e1470142036741-scaled.jpg 1728w\" sizes=\"(max-width: 169px) 100vw, 169px\" \/><\/a><\/p>\n<p>La racine de chicor\u00e9e est riche en Inuline, qui facilite la digestion, am\u00e9liore l\u2019\u00e9limination urinaire et poss\u00e8de un effet purificateur.<\/p>\n<p><a href=\"http:\/\/www.multi-extrakt.ch\/wp-content\/uploads\/2016\/07\/Zichorienschnitzel.jpg\"><img decoding=\"async\" class=\"size-medium wp-image-408 aligncenter\" src=\"http:\/\/www.multi-extrakt.ch\/wp-content\/uploads\/2016\/07\/Zichorienschnitzel-300x146.jpg\" alt=\"Zichorienschnitzel\" width=\"300\" height=\"146\" srcset=\"https:\/\/www.multi-extrakt.ch\/wp-content\/uploads\/2016\/07\/Zichorienschnitzel-200x97.jpg 200w, https:\/\/www.multi-extrakt.ch\/wp-content\/uploads\/2016\/07\/Zichorienschnitzel-300x146.jpg 300w, https:\/\/www.multi-extrakt.ch\/wp-content\/uploads\/2016\/07\/Zichorienschnitzel-400x194.jpg 400w, https:\/\/www.multi-extrakt.ch\/wp-content\/uploads\/2016\/07\/Zichorienschnitzel-500x243.jpg 500w, https:\/\/www.multi-extrakt.ch\/wp-content\/uploads\/2016\/07\/Zichorienschnitzel-600x292.jpg 600w, https:\/\/www.multi-extrakt.ch\/wp-content\/uploads\/2016\/07\/Zichorienschnitzel-768x373.jpg 768w, https:\/\/www.multi-extrakt.ch\/wp-content\/uploads\/2016\/07\/Zichorienschnitzel-800x389.jpg 800w, https:\/\/www.multi-extrakt.ch\/wp-content\/uploads\/2016\/07\/Zichorienschnitzel-1024x498.jpg 1024w, https:\/\/www.multi-extrakt.ch\/wp-content\/uploads\/2016\/07\/Zichorienschnitzel-1200x583.jpg 1200w, https:\/\/www.multi-extrakt.ch\/wp-content\/uploads\/2016\/07\/Zichorienschnitzel.jpg 2524w\" sizes=\"(max-width: 300px) 100vw, 300px\" \/><\/a><\/div><div class=\"fusion-clearfix\"><\/div><\/div><\/div><div class=\"fusion-clearfix\"><\/div><\/div><\/div><div class=\"fusion-layout-column fusion_builder_column fusion-builder-column-3 fusion_builder_column_1_2 1_2 fusion-one-half fusion-column-last\" style=\"--awb-bg-size:cover;width:48%;\"><div class=\"fusion-column-wrapper fusion-flex-column-wrapper-legacy\"><div class=\"fusion-reading-box-container reading-box-container-2\" style=\"--awb-title-color:#333333;--awb-margin-top:0px;--awb-margin-bottom:84px;\"><div class=\"reading-box reading-box-center\" style=\"background-color:#f6f6f6;border-width:1px;border-color:#f6f6f6;border-top-width:3px;border-top-color:var(--primary_color);border-style:solid;\"><h2>Les c\u00e9r\u00e9ales<\/h2><div class=\"reading-box-additional fusion-reading-box-additional\"><a href=\"http:\/\/www.multi-extrakt.ch\/wp-content\/uploads\/2016\/07\/Roggen-im-Emmental.jpg\"><img decoding=\"async\" class=\"size-medium wp-image-384 aligncenter\" src=\"http:\/\/www.multi-extrakt.ch\/wp-content\/uploads\/2016\/07\/Roggen-im-Emmental-300x200.jpg\" alt=\"Roggen-im-Emmental\" width=\"300\" height=\"200\" srcset=\"https:\/\/www.multi-extrakt.ch\/wp-content\/uploads\/2016\/07\/Roggen-im-Emmental-120x80.jpg 120w, https:\/\/www.multi-extrakt.ch\/wp-content\/uploads\/2016\/07\/Roggen-im-Emmental-200x133.jpg 200w, https:\/\/www.multi-extrakt.ch\/wp-content\/uploads\/2016\/07\/Roggen-im-Emmental-300x200.jpg 300w, https:\/\/www.multi-extrakt.ch\/wp-content\/uploads\/2016\/07\/Roggen-im-Emmental-400x267.jpg 400w, https:\/\/www.multi-extrakt.ch\/wp-content\/uploads\/2016\/07\/Roggen-im-Emmental-500x333.jpg 500w, https:\/\/www.multi-extrakt.ch\/wp-content\/uploads\/2016\/07\/Roggen-im-Emmental-600x400.jpg 600w, https:\/\/www.multi-extrakt.ch\/wp-content\/uploads\/2016\/07\/Roggen-im-Emmental-768x512.jpg 768w, https:\/\/www.multi-extrakt.ch\/wp-content\/uploads\/2016\/07\/Roggen-im-Emmental-800x533.jpg 800w, https:\/\/www.multi-extrakt.ch\/wp-content\/uploads\/2016\/07\/Roggen-im-Emmental-1024x683.jpg 1024w, https:\/\/www.multi-extrakt.ch\/wp-content\/uploads\/2016\/07\/Roggen-im-Emmental-1200x800.jpg 1200w, https:\/\/www.multi-extrakt.ch\/wp-content\/uploads\/2016\/07\/Roggen-im-Emmental.jpg 4752w\" sizes=\"(max-width: 300px) 100vw, 300px\" \/><\/a><\/p>\n<p>Gr\u00e2ce \u00e0 diff\u00e9rentes sortes de c\u00e9r\u00e9ales (comme seigle, \u00e9peautre, orge et bl\u00e9) nous affinons nos re-cettes afin d\u2019obtenir une boisson \u00e9quilibr\u00e9e, savoureuse et digeste.<\/p>\n<p><img decoding=\"async\" class=\"size-medium wp-image-387 aligncenter\" src=\"http:\/\/www.multi-extrakt.ch\/wp-content\/uploads\/2016\/07\/Roggenk\u00f6rner-300x154.jpg\" alt=\"Roggenk\u00f6rner\" width=\"300\" height=\"154\" srcset=\"https:\/\/www.multi-extrakt.ch\/wp-content\/uploads\/2016\/07\/Roggenk\u00f6rner-120x62.jpg 120w, https:\/\/www.multi-extrakt.ch\/wp-content\/uploads\/2016\/07\/Roggenk\u00f6rner-200x103.jpg 200w, https:\/\/www.multi-extrakt.ch\/wp-content\/uploads\/2016\/07\/Roggenk\u00f6rner-300x154.jpg 300w, https:\/\/www.multi-extrakt.ch\/wp-content\/uploads\/2016\/07\/Roggenk\u00f6rner-400x205.jpg 400w, https:\/\/www.multi-extrakt.ch\/wp-content\/uploads\/2016\/07\/Roggenk\u00f6rner-500x257.jpg 500w, https:\/\/www.multi-extrakt.ch\/wp-content\/uploads\/2016\/07\/Roggenk\u00f6rner-600x308.jpg 600w, https:\/\/www.multi-extrakt.ch\/wp-content\/uploads\/2016\/07\/Roggenk\u00f6rner-768x395.jpg 768w, https:\/\/www.multi-extrakt.ch\/wp-content\/uploads\/2016\/07\/Roggenk\u00f6rner-800x411.jpg 800w, https:\/\/www.multi-extrakt.ch\/wp-content\/uploads\/2016\/07\/Roggenk\u00f6rner-1024x526.jpg 1024w, https:\/\/www.multi-extrakt.ch\/wp-content\/uploads\/2016\/07\/Roggenk\u00f6rner-1200x616.jpg 1200w, https:\/\/www.multi-extrakt.ch\/wp-content\/uploads\/2016\/07\/Roggenk\u00f6rner.jpg 2548w\" sizes=\"(max-width: 300px) 100vw, 300px\" \/><a href=\"http:\/\/www.multi-extrakt.ch\/wp-content\/uploads\/2016\/07\/Roggen-im-Emmental.jpg\"><br \/>\n<\/a><\/div><div class=\"fusion-clearfix\"><\/div><\/div><\/div><div class=\"fusion-clearfix\"><\/div><\/div><\/div><div class=\"fusion-layout-column fusion_builder_column fusion-builder-column-4 fusion_builder_column_1_2 1_2 fusion-one-half fusion-column-first\" style=\"--awb-bg-size:cover;width:48%; margin-right: 4%;\"><div class=\"fusion-column-wrapper fusion-flex-column-wrapper-legacy\"><div class=\"fusion-reading-box-container reading-box-container-3\" style=\"--awb-title-color:#333333;--awb-margin-top:0px;--awb-margin-bottom:84px;\"><div class=\"reading-box reading-box-center\" style=\"background-color:#f6f6f6;border-width:1px;border-color:#f6f6f6;border-top-width:3px;border-top-color:var(--primary_color);border-style:solid;\"><h2>Les figues<\/h2><div class=\"reading-box-additional fusion-reading-box-additional\"><a href=\"http:\/\/www.multi-extrakt.ch\/wp-content\/uploads\/2016\/07\/Feigen-offen.jpg\"><img decoding=\"async\" class=\"wp-image-351 size-medium aligncenter\" src=\"http:\/\/www.multi-extrakt.ch\/wp-content\/uploads\/2016\/07\/Feigen-offen-300x225.jpg\" width=\"300\" height=\"225\" srcset=\"https:\/\/www.multi-extrakt.ch\/wp-content\/uploads\/2016\/07\/Feigen-offen-120x90.jpg 120w, https:\/\/www.multi-extrakt.ch\/wp-content\/uploads\/2016\/07\/Feigen-offen-200x150.jpg 200w, https:\/\/www.multi-extrakt.ch\/wp-content\/uploads\/2016\/07\/Feigen-offen-300x225.jpg 300w, https:\/\/www.multi-extrakt.ch\/wp-content\/uploads\/2016\/07\/Feigen-offen-400x300.jpg 400w, https:\/\/www.multi-extrakt.ch\/wp-content\/uploads\/2016\/07\/Feigen-offen-500x375.jpg 500w, https:\/\/www.multi-extrakt.ch\/wp-content\/uploads\/2016\/07\/Feigen-offen-600x450.jpg 600w, https:\/\/www.multi-extrakt.ch\/wp-content\/uploads\/2016\/07\/Feigen-offen-768x576.jpg 768w, https:\/\/www.multi-extrakt.ch\/wp-content\/uploads\/2016\/07\/Feigen-offen-800x600.jpg 800w, https:\/\/www.multi-extrakt.ch\/wp-content\/uploads\/2016\/07\/Feigen-offen-1024x768.jpg 1024w, https:\/\/www.multi-extrakt.ch\/wp-content\/uploads\/2016\/07\/Feigen-offen-1200x900.jpg 1200w, https:\/\/www.multi-extrakt.ch\/wp-content\/uploads\/2016\/07\/Feigen-offen.jpg 2560w\" sizes=\"(max-width: 300px) 100vw, 300px\" \/><\/a><\/p>\n<p>Les figues apportent un go\u00fbt doux et peu sucr\u00e9.<\/p>\n<p><a href=\"http:\/\/www.multi-extrakt.ch\/wp-content\/uploads\/2016\/07\/Feigen-ger\u00f6stet.jpg\"><img decoding=\"async\" class=\"alignnone size-medium wp-image-348\" src=\"http:\/\/www.multi-extrakt.ch\/wp-content\/uploads\/2016\/07\/Feigen-ger\u00f6stet-300x225.jpg\" alt=\"Feigen-ger\u00f6stet\" width=\"300\" height=\"225\" srcset=\"https:\/\/www.multi-extrakt.ch\/wp-content\/uploads\/2016\/07\/Feigen-ger\u00f6stet-120x90.jpg 120w, https:\/\/www.multi-extrakt.ch\/wp-content\/uploads\/2016\/07\/Feigen-ger\u00f6stet-200x150.jpg 200w, https:\/\/www.multi-extrakt.ch\/wp-content\/uploads\/2016\/07\/Feigen-ger\u00f6stet-300x225.jpg 300w, https:\/\/www.multi-extrakt.ch\/wp-content\/uploads\/2016\/07\/Feigen-ger\u00f6stet-400x299.jpg 400w, https:\/\/www.multi-extrakt.ch\/wp-content\/uploads\/2016\/07\/Feigen-ger\u00f6stet-500x374.jpg 500w, https:\/\/www.multi-extrakt.ch\/wp-content\/uploads\/2016\/07\/Feigen-ger\u00f6stet-600x449.jpg 600w, https:\/\/www.multi-extrakt.ch\/wp-content\/uploads\/2016\/07\/Feigen-ger\u00f6stet-768x575.jpg 768w, https:\/\/www.multi-extrakt.ch\/wp-content\/uploads\/2016\/07\/Feigen-ger\u00f6stet-800x599.jpg 800w, https:\/\/www.multi-extrakt.ch\/wp-content\/uploads\/2016\/07\/Feigen-ger\u00f6stet-1024x766.jpg 1024w, https:\/\/www.multi-extrakt.ch\/wp-content\/uploads\/2016\/07\/Feigen-ger\u00f6stet-1200x898.jpg 1200w, https:\/\/www.multi-extrakt.ch\/wp-content\/uploads\/2016\/07\/Feigen-ger\u00f6stet.jpg 2608w\" sizes=\"(max-width: 300px) 100vw, 300px\" \/><\/a><\/div><div class=\"fusion-clearfix\"><\/div><\/div><\/div><div class=\"fusion-clearfix\"><\/div><\/div><\/div><div class=\"fusion-layout-column fusion_builder_column fusion-builder-column-5 fusion_builder_column_1_2 1_2 fusion-one-half fusion-column-last\" style=\"--awb-bg-size:cover;width:48%;\"><div class=\"fusion-column-wrapper fusion-flex-column-wrapper-legacy\"><div class=\"fusion-reading-box-container reading-box-container-4\" style=\"--awb-title-color:#333333;--awb-margin-top:0px;--awb-margin-bottom:84px;\"><div class=\"reading-box reading-box-center\" style=\"background-color:#f6f6f6;border-width:1px;border-color:#f6f6f6;border-top-width:3px;border-top-color:var(--primary_color);border-style:solid;\"><h2>Les glands<\/h2><div class=\"reading-box-additional fusion-reading-box-additional\"><a href=\"http:\/\/www.multi-extrakt.ch\/wp-content\/uploads\/2016\/08\/Eicheln-fertig.jpg\"><img decoding=\"async\" class=\"alignnone wp-image-467 size-medium\" src=\"http:\/\/www.multi-extrakt.ch\/wp-content\/uploads\/2016\/08\/Eicheln-fertig-300x124.jpg\" width=\"300\" height=\"124\" srcset=\"https:\/\/www.multi-extrakt.ch\/wp-content\/uploads\/2016\/08\/Eicheln-fertig-200x83.jpg 200w, https:\/\/www.multi-extrakt.ch\/wp-content\/uploads\/2016\/08\/Eicheln-fertig-300x124.jpg 300w, https:\/\/www.multi-extrakt.ch\/wp-content\/uploads\/2016\/08\/Eicheln-fertig-400x166.jpg 400w, https:\/\/www.multi-extrakt.ch\/wp-content\/uploads\/2016\/08\/Eicheln-fertig-500x207.jpg 500w, https:\/\/www.multi-extrakt.ch\/wp-content\/uploads\/2016\/08\/Eicheln-fertig-600x249.jpg 600w, https:\/\/www.multi-extrakt.ch\/wp-content\/uploads\/2016\/08\/Eicheln-fertig-768x318.jpg 768w, https:\/\/www.multi-extrakt.ch\/wp-content\/uploads\/2016\/08\/Eicheln-fertig-800x332.jpg 800w, https:\/\/www.multi-extrakt.ch\/wp-content\/uploads\/2016\/08\/Eicheln-fertig-1024x424.jpg 1024w, https:\/\/www.multi-extrakt.ch\/wp-content\/uploads\/2016\/08\/Eicheln-fertig-1200x497.jpg 1200w, https:\/\/www.multi-extrakt.ch\/wp-content\/uploads\/2016\/08\/Eicheln-fertig.jpg 2442w\" sizes=\"(max-width: 300px) 100vw, 300px\" \/><\/a><\/p>\n<p>Les glands donnent aux succ\u00e9dan\u00e9s de caf\u00e9 une note \u00e2pre et forte.<\/div><div class=\"fusion-clearfix\"><\/div><\/div><\/div><div class=\"fusion-clearfix\"><\/div><\/div><\/div><div class=\"fusion-layout-column fusion_builder_column fusion-builder-column-6 fusion_builder_column_1_1 1_1 fusion-one-full fusion-column-first fusion-column-last fusion-column-no-min-height\" style=\"--awb-bg-size:cover;--awb-margin-bottom:0px;\"><div class=\"fusion-column-wrapper fusion-flex-column-wrapper-legacy\"><div class=\"fusion-text fusion-text-2\"><p>Depuis plusieurs ann\u00e9es nous nous sommes sp\u00e9cialis\u00e9s dans la production de succ\u00e9dan\u00e9s de caf\u00e9 de go\u00fbts diff\u00e9rents. Raison pour laquelle nous utilisons parfois de la vanille, du cacao, des sucres ou des \u00e9pices, afin d\u2019obtenir diverses variations de succ\u00e9dan\u00e9s torr\u00e9fi\u00e9s.<\/p>\n<p>La demande de m\u00e9langes comprenant du succ\u00e9dan\u00e9 de caf\u00e9 avec du caf\u00e9, nous a incit\u00e9s \u00e0 ajouter aussi un caf\u00e9 dans notre gamme. Nous vous offrons un caf\u00e9 pur ARABICA de qualit\u00e9 extraordinaire.<\/p>\n<p><strong>Nous vous invitons \u00e0 exprimer vos d\u00e9sirs selon les mati\u00e8res premi\u00e8res et ingr\u00e9dients que vous pr\u00e9f\u00e9rez.<\/strong><\/p>\n<\/div><div class=\"fusion-clearfix\"><\/div><\/div><\/div><\/div><\/div>\n","protected":false},"excerpt":{"rendered":"","protected":false},"author":2,"featured_media":0,"parent":0,"menu_order":0,"comment_status":"closed","ping_status":"closed","template":"","meta":{"footnotes":""},"class_list":["post-508","page","type-page","status-publish","hentry"],"_links":{"self":[{"href":"https:\/\/www.multi-extrakt.ch\/fr\/wp-json\/wp\/v2\/pages\/508","targetHints":{"allow":["GET"]}}],"collection":[{"href":"https:\/\/www.multi-extrakt.ch\/fr\/wp-json\/wp\/v2\/pages"}],"about":[{"href":"https:\/\/www.multi-extrakt.ch\/fr\/wp-json\/wp\/v2\/types\/page"}],"author":[{"embeddable":true,"href":"https:\/\/www.multi-extrakt.ch\/fr\/wp-json\/wp\/v2\/users\/2"}],"replies":[{"embeddable":true,"href":"https:\/\/www.multi-extrakt.ch\/fr\/wp-json\/wp\/v2\/comments?post=508"}],"version-history":[{"count":4,"href":"https:\/\/www.multi-extrakt.ch\/fr\/wp-json\/wp\/v2\/pages\/508\/revisions"}],"predecessor-version":[{"id":2147,"href":"https:\/\/www.multi-extrakt.ch\/fr\/wp-json\/wp\/v2\/pages\/508\/revisions\/2147"}],"wp:attachment":[{"href":"https:\/\/www.multi-extrakt.ch\/fr\/wp-json\/wp\/v2\/media?parent=508"}],"curies":[{"name":"wp","href":"https:\/\/api.w.org\/{rel}","templated":true}]}}