{"id":493,"date":"2016-08-04T14:44:07","date_gmt":"2016-08-04T14:44:07","guid":{"rendered":"http:\/\/www.multi-extrakt.ch\/fr\/?page_id=493"},"modified":"2022-02-25T15:53:01","modified_gmt":"2022-02-25T14:53:01","slug":"notre-profil","status":"publish","type":"page","link":"https:\/\/www.multi-extrakt.ch\/fr\/notre-profil\/","title":{"rendered":"Notre profil"},"content":{"rendered":"<div class=\"fusion-fullwidth fullwidth-box fusion-builder-row-1 hundred-percent-fullwidth non-hundred-percent-height-scrolling\" style=\"--awb-border-radius-top-left:0px;--awb-border-radius-top-right:0px;--awb-border-radius-bottom-right:0px;--awb-border-radius-bottom-left:0px;--awb-overflow:visible;--awb-flex-wrap:wrap;\" ><div class=\"fusion-builder-row fusion-row\"><div class=\"fusion-layout-column fusion_builder_column fusion-builder-column-0 fusion_builder_column_1_1 1_1 fusion-one-full fusion-column-first fusion-column-last\" style=\"--awb-bg-size:cover;\"><div class=\"fusion-column-wrapper fusion-flex-column-wrapper-legacy\"><div class=\"fusion-title title fusion-title-1 fusion-sep-none fusion-title-text fusion-title-size-two\"><h2 class=\"fusion-title-heading title-heading-left\" style=\"margin:0;\">L&rsquo;histoire des succ\u00e9dan\u00e9s torr\u00e9fi\u00e9s<\/h2><\/div><div class=\"fusion-text fusion-text-1\"><p>L\u2019histoire des boissons aux c\u00e9r\u00e9ales remonte au Moyen \u00c2ge.<\/p>\n<p>Les effets destructeurs du caf\u00e9 sur l\u2019organisme, ont incit\u00e9 les m\u00e9decins \u00e0 pr\u00e9coniser l\u2019usage de succ\u00e9dan\u00e9 de caf\u00e9. <\/p>\n<p>On voulait aussi restreindre la consommation d\u2019un produit on\u00e9reux comme le caf\u00e9 pour la classe ouvri\u00e8re, et ainsi \u00e9viter de grands frais d\u2019importation.<\/p>\n<p>Les expressions comme \u00ab Le caf\u00e9, le th\u00e9 et les friandises retirent les champs aux paysans \u00bb signifient dans le langage populaire qu\u2019on a class\u00e9 le caf\u00e9, le th\u00e9 et les sucres comme un luxe cher et exotique.<\/p>\n<p>Le caf\u00e9 \u00e9tait trop cher et r\u00e9serv\u00e9 \u00e0 la classe sup\u00e9rieure. C\u2019est pourquoi le petit peuple ordinaire devait recourir aux ingr\u00e9dients locaux pour obtenir un produit similaire.<\/p>\n<p>En Allemagne, Fr\u00e9d\u00e9ric le grand a beaucoup influenc\u00e9 la popularit\u00e9 du succ\u00e9dan\u00e9 de caf\u00e9, en interdisant l\u2019usage du caf\u00e9 au peuple. Le caf\u00e9 \u00e9tait r\u00e9serv\u00e9 \u00e0 la noblesse.<\/p>\n<p>Le succ\u00e9dan\u00e9 torr\u00e9fi\u00e9 est devenu \u00e0 la mode en France par Napol\u00e9on, gr\u00e2ce au blocus continental.<\/p>\n<p>Probablement le nom allemand \u00ab Muckefuck \u00bb date \u00e9galement de cette \u00e9poque (traduction des mots fran\u00e7ais \u00ab mocca \u00bb et \u00ab faux \u00bb).<\/p>\n<p>Le succ\u00e9dan\u00e9 de caf\u00e9 en France est fabriqu\u00e9 presque exclusivement \u00e0 partir de la racine de chicor\u00e9e. A cause de ce seul ingr\u00e9dient le succ\u00e9dan\u00e9 torr\u00e9fi\u00e9 est peut-\u00eatre reconnu comme boisson bon march\u00e9 pour les pauvres !<\/p>\n<p>Il existe deux explications traditionnelles pour son surnom \u00ab caf\u00e9 aux petites fleurs \u00bb :<\/p>\n<ol>\n<li>L\u2019une est que le motif des petites fleurs au fond de la tasse, est l\u00e9g\u00e8rement plus clair que dans une tasse avec caf\u00e9.<\/li>\n<li>L\u2019autre est que le succ\u00e9dan\u00e9 de caf\u00e9 est principalement fabriqu\u00e9 \u00e0 base de racine de chicor\u00e9e, la plante compos\u00e9e de fleurs d\u2019un bleu lumineux.<\/li>\n<\/ol>\n<p>Gr\u00e2ce \u00e0 diff\u00e9rentes recettes, le succ\u00e9dan\u00e9 torr\u00e9fi\u00e9 produit aujourd\u2019hui, n\u2019est pas seulement une excel-lente alternative pour les gens qui supportent mal le caf\u00e9, mais il est appr\u00e9ci\u00e9 entre autre pour ses im-pacts positifs sur la sant\u00e9.<\/p>\n<p>En mati\u00e8re de go\u00fbt, vous n\u2019avez plus de restrictions concernant les succ\u00e9dan\u00e9s de caf\u00e9, le choix de l\u2019ar\u00f4me n\u2019est plus seulement de fruit\u00e9-doux, \u00e0 \u00e2pre et fort !<\/p>\n<p>Il faut \u00e9galement mentionner que le processus de fabrication des succ\u00e9dan\u00e9s torr\u00e9fi\u00e9s a beaucoup \u00e9volu\u00e9 durant sa longue histoire.<\/p>\n<p>Aujourd\u2019hui, le consommateur a le choix entre un produit moderne instantan\u00e9, ou le produit filtre qui existe depuis des si\u00e8cles.<\/p>\n<p>La qualit\u00e9 du produit b\u00e9n\u00e9ficie particuli\u00e8rement de l\u2019extraction soigneuse et du s\u00e9chage artisanal, en comparaison au syst\u00e8me par filtration, effectu\u00e9 chez soi \u00e0 la maison.<\/p>\n<\/div><div class=\"fusion-clearfix\"><\/div><\/div><\/div><div class=\"fusion-layout-column fusion_builder_column fusion-builder-column-1 fusion_builder_column_1_1 1_1 fusion-one-full fusion-column-first fusion-column-last fusion-column-no-min-height\" style=\"--awb-bg-size:cover;--awb-margin-bottom:0px;\"><div class=\"fusion-column-wrapper fusion-flex-column-wrapper-legacy\"><div class=\"fusion-sep-clear\"><\/div><div class=\"fusion-separator fusion-full-width-sep\" style=\"margin-left: auto;margin-right: auto;margin-top:20px;margin-bottom:50px;width:100%;\" id=\"menu-histoire-multi\"><div class=\"fusion-separator-border sep-single sep-solid\" style=\"--awb-height:20px;--awb-amount:20px;border-color:#e0dede;border-top-width:1px;\"><\/div><\/div><div class=\"fusion-sep-clear\"><\/div><div class=\"fusion-clearfix\"><\/div><\/div><\/div><div class=\"fusion-layout-column fusion_builder_column fusion-builder-column-2 fusion_builder_column_2_3 2_3 fusion-two-third fusion-column-first\" style=\"--awb-bg-size:cover;width:65.3333%; margin-right: 4%;\"><div class=\"fusion-column-wrapper fusion-flex-column-wrapper-legacy\"><div class=\"fusion-title title fusion-title-2 fusion-sep-none fusion-title-text fusion-title-size-two\"><h2 class=\"fusion-title-heading title-heading-left\" style=\"margin:0;\">L&rsquo;histoire de Multi-Extrakt AG<\/h2><\/div><div class=\"fusion-text fusion-text-2\"><p>La maison Multi-Extrakt SA a \u00e9t\u00e9 fond\u00e9e en 1955 ici en Suisse dans la magnifique r\u00e9gion de l\u2019Emmental.<\/p>\n<p>Jusque l\u00e0, le succ\u00e9dan\u00e9 de caf\u00e9 n\u2019existait qu\u2019en qualit\u00e9 filtre \u2013 c\u2019\u00e9tait notre motivation d\u2019inventer des boissons aux c\u00e9r\u00e9ales en qualit\u00e9 instantan\u00e9.<\/p>\n<p>Nous avons con\u00e7u une machine pour l\u2019extraction des succ\u00e9dan\u00e9s torr\u00e9fi\u00e9s et nous avons am\u00e9lior\u00e9 l\u2019atomisation. Le r\u00e9sultat est une poudre de succ\u00e9dan\u00e9 de caf\u00e9 exceptionnelle. <\/p>\n<p>Apr\u00e8s un tr\u00e8s bon succ\u00e8s sur le march\u00e9 Suisse, nous avons affin\u00e9 le go\u00fbt avec diff\u00e9rents ingr\u00e9dients, aussi pour les consommateurs du march\u00e9 Europ\u00e9en et Mondial.<\/p>\n<p>Entre-temps nous avons initi\u00e9 des d\u00e9veloppements en fonction des ingr\u00e9dients mais aussi de la production. C\u2019est pourquoi  la demande de nos boissons de c\u00e9r\u00e9ales instantan\u00e9 augmente constamment.<\/p>\n<p>C\u2019est avec plaisir que nous prendrons contact avec vous, afin de r\u00e9aliser vos d\u00e9sirs concer-nant un excellent succ\u00e9dan\u00e9 de caf\u00e9. Nous vous offrons un conseil personnalis\u00e9.<\/p>\n<p>Votre Multi-Extrakt SA et toute l\u2019\u00e9quipe.<\/p>\n<\/div><div class=\"fusion-clearfix\"><\/div><\/div><\/div><div class=\"fusion-layout-column fusion_builder_column fusion-builder-column-3 fusion_builder_column_1_3 1_3 fusion-one-third fusion-column-last\" style=\"--awb-bg-size:cover;width:30.6666%;\"><div class=\"fusion-column-wrapper fusion-flex-column-wrapper-legacy\"><div class=\"fusion-title title fusion-title-3 fusion-sep-none fusion-title-text fusion-title-size-two\"><h2 class=\"fusion-title-heading title-heading-left\" style=\"margin:0;\">Site<\/h2><\/div>\t\t\t\t\t<script type=\"text\/javascript\">\n\t\t\t\t\t\tvar map_fusion_map_69ef20ed9597b;\n\t\t\t\t\t\tvar markers = [];\n\t\t\t\t\t\tvar counter = 0;\n\t\t\t\t\t\t\t\t\t\t\t\t\t\t\t\t\t\t\t\tvar fusionMapNonce = '792a7055dc';\n\t\t\t\t\t\t\t\t\t\t\t\tfunction fusion_run_map_fusion_map_69ef20ed9597b() {\n\t\t\t\t\t\t\tjQuery ('#fusion_map_69ef20ed9597b' ).fusion_maps( {\n\t\t\t\t\t\t\t\taddresses: [{\"address\":\"S\\u00e4gestrasse 11c, 3550 Langnau\",\"infobox_content\":\"S\\u00e4gestrasse 11c, 3550 Langnau\",\"coordinates\":false,\"cache\":true,\"latitude\":\"46.9377803\",\"longitude\":\"7.781729899999959\"}],\n\t\t\t\t\t\t\t\tanimations: true,\n\t\t\t\t\t\t\t\tinfobox_background_color: '',\n\t\t\t\t\t\t\t\tinfobox_styling: 'default',\n\t\t\t\t\t\t\t\tinfobox_text_color: '#683e26',\n\t\t\t\t\t\t\t\tmap_style: 'default',\n\t\t\t\t\t\t\t\tmap_type: 'terrain',\n\t\t\t\t\t\t\t\tmarker_icon: '',\n\t\t\t\t\t\t\t\toverlay_color: '',\n\t\t\t\t\t\t\t\toverlay_color_hsl: {\"hue\":0,\"sat\":0,\"lum\":100},\n\t\t\t\t\t\t\t\tshow_address: true,\n\t\t\t\t\t\t\t\tscale_control: true,\n\t\t\t\t\t\t\t\tscrollwheel: true,\n\t\t\t\t\t\t\t\tzoom: 12,\n\t\t\t\t\t\t\t\tzoom_control: true,\n\t\t\t\t\t\t\t} );\n\t\t\t\t\t\t}\n\n\t\t\t\t\t\tgoogle.maps.event.addDomListener(window, 'load', fusion_run_map_fusion_map_69ef20ed9597b);\n\t\t\t\t\t<\/script>\n\t\t\t\t\t<div class=\"shortcode-map fusion-google-map fusion-maps-js-type\" style=\"--awb-height:250px;\" id=\"fusion_map_69ef20ed9597b\"><\/div><div class=\"fusion-text fusion-text-3\"><h4>Dans la magnifique\u00a0Langnau en Emmental<\/h4>\n<p>S\u00e4gestrasse 11c<br \/>\nPostfach 647<br \/>\nCH-3550 Langnau i.E.<\/p>\n<p>Telefon +41 (0)34 402 22 94<br \/>\nTelefax +41 (0)34 402 56 22<br \/>\n<a href=\"mailto:info@multi-extrakt.ch\">info@multi-extrakt.ch<\/a><\/p>\n<\/div><div class=\"fusion-clearfix\"><\/div><\/div><\/div><div class=\"fusion-layout-column fusion_builder_column fusion-builder-column-4 fusion_builder_column_1_1 1_1 fusion-one-full fusion-column-first fusion-column-last fusion-column-no-min-height\" style=\"--awb-bg-size:cover;--awb-margin-bottom:0px;\"><div class=\"fusion-column-wrapper fusion-flex-column-wrapper-legacy\"><div class=\"fusion-title title fusion-title-4 fusion-sep-none fusion-title-text fusion-title-size-two\"><h2 class=\"fusion-title-heading title-heading-left\" style=\"margin:0;\">Images de Multi-Extrakt AG<\/h2><\/div><div class=\"fusion-clearfix\"><\/div><\/div><\/div><div class=\"fusion-layout-column fusion_builder_column fusion-builder-column-5 fusion_builder_column_1_3 1_3 fusion-one-third fusion-column-first\" style=\"--awb-bg-size:cover;width:30.6666%; margin-right: 4%;\"><div class=\"fusion-column-wrapper fusion-flex-column-wrapper-legacy\"><div class=\"fusion-text fusion-text-4\"><p><a href=\"http:\/\/www.multi-extrakt.ch\/wp-content\/uploads\/2016\/07\/Aussenansicht-vorne.jpg\"><img decoding=\"async\" class=\"alignnone size-medium wp-image-297\" src=\"http:\/\/www.multi-extrakt.ch\/wp-content\/uploads\/2016\/07\/Aussenansicht-vorne-300x225.jpg\" alt=\"Aussenansicht-vorne\" width=\"300\" height=\"225\" srcset=\"https:\/\/www.multi-extrakt.ch\/wp-content\/uploads\/2016\/07\/Aussenansicht-vorne-120x90.jpg 120w, https:\/\/www.multi-extrakt.ch\/wp-content\/uploads\/2016\/07\/Aussenansicht-vorne-200x150.jpg 200w, https:\/\/www.multi-extrakt.ch\/wp-content\/uploads\/2016\/07\/Aussenansicht-vorne-300x225.jpg 300w, https:\/\/www.multi-extrakt.ch\/wp-content\/uploads\/2016\/07\/Aussenansicht-vorne-400x299.jpg 400w, https:\/\/www.multi-extrakt.ch\/wp-content\/uploads\/2016\/07\/Aussenansicht-vorne-500x374.jpg 500w, https:\/\/www.multi-extrakt.ch\/wp-content\/uploads\/2016\/07\/Aussenansicht-vorne-600x449.jpg 600w, https:\/\/www.multi-extrakt.ch\/wp-content\/uploads\/2016\/07\/Aussenansicht-vorne-768x575.jpg 768w, https:\/\/www.multi-extrakt.ch\/wp-content\/uploads\/2016\/07\/Aussenansicht-vorne-800x599.jpg 800w, https:\/\/www.multi-extrakt.ch\/wp-content\/uploads\/2016\/07\/Aussenansicht-vorne-1024x766.jpg 1024w, https:\/\/www.multi-extrakt.ch\/wp-content\/uploads\/2016\/07\/Aussenansicht-vorne-1200x898.jpg 1200w, https:\/\/www.multi-extrakt.ch\/wp-content\/uploads\/2016\/07\/Aussenansicht-vorne.jpg 2608w\" sizes=\"(max-width: 300px) 100vw, 300px\" \/><\/a><\/p>\n<\/div><div class=\"fusion-clearfix\"><\/div><\/div><\/div><div class=\"fusion-layout-column fusion_builder_column fusion-builder-column-6 fusion_builder_column_1_3 1_3 fusion-one-third\" style=\"--awb-bg-size:cover;width:30.6666%; margin-right: 4%;\"><div class=\"fusion-column-wrapper fusion-flex-column-wrapper-legacy\"><div class=\"fusion-text fusion-text-5\"><p><a href=\"http:\/\/www.multi-extrakt.ch\/wp-content\/uploads\/2016\/07\/Sortiment-Multi-Extrakt.jpg\"><img decoding=\"async\" class=\"alignnone size-medium wp-image-381\" src=\"http:\/\/www.multi-extrakt.ch\/wp-content\/uploads\/2016\/07\/Sortiment-Multi-Extrakt-300x225.jpg\" alt=\"Sortiment-Multi-Extrakt\" width=\"300\" height=\"225\" srcset=\"https:\/\/www.multi-extrakt.ch\/wp-content\/uploads\/2016\/07\/Sortiment-Multi-Extrakt-120x90.jpg 120w, https:\/\/www.multi-extrakt.ch\/wp-content\/uploads\/2016\/07\/Sortiment-Multi-Extrakt-200x150.jpg 200w, https:\/\/www.multi-extrakt.ch\/wp-content\/uploads\/2016\/07\/Sortiment-Multi-Extrakt-300x225.jpg 300w, https:\/\/www.multi-extrakt.ch\/wp-content\/uploads\/2016\/07\/Sortiment-Multi-Extrakt-400x299.jpg 400w, https:\/\/www.multi-extrakt.ch\/wp-content\/uploads\/2016\/07\/Sortiment-Multi-Extrakt-500x374.jpg 500w, https:\/\/www.multi-extrakt.ch\/wp-content\/uploads\/2016\/07\/Sortiment-Multi-Extrakt-600x449.jpg 600w, https:\/\/www.multi-extrakt.ch\/wp-content\/uploads\/2016\/07\/Sortiment-Multi-Extrakt-768x575.jpg 768w, https:\/\/www.multi-extrakt.ch\/wp-content\/uploads\/2016\/07\/Sortiment-Multi-Extrakt-800x599.jpg 800w, https:\/\/www.multi-extrakt.ch\/wp-content\/uploads\/2016\/07\/Sortiment-Multi-Extrakt-1024x766.jpg 1024w, https:\/\/www.multi-extrakt.ch\/wp-content\/uploads\/2016\/07\/Sortiment-Multi-Extrakt-1200x898.jpg 1200w, https:\/\/www.multi-extrakt.ch\/wp-content\/uploads\/2016\/07\/Sortiment-Multi-Extrakt.jpg 2608w\" sizes=\"(max-width: 300px) 100vw, 300px\" \/><\/a><\/p>\n<\/div><div class=\"fusion-clearfix\"><\/div><\/div><\/div><div class=\"fusion-layout-column fusion_builder_column fusion-builder-column-7 fusion_builder_column_1_3 1_3 fusion-one-third fusion-column-last\" style=\"--awb-bg-size:cover;width:30.6666%;\"><div class=\"fusion-column-wrapper fusion-flex-column-wrapper-legacy\"><div class=\"fusion-text fusion-text-6\"><p><a href=\"http:\/\/www.multi-extrakt.ch\/wp-content\/uploads\/2016\/07\/Cappuccino-Serviervorschlag.jpg\"><img decoding=\"async\" class=\"alignnone size-medium wp-image-342\" src=\"http:\/\/www.multi-extrakt.ch\/wp-content\/uploads\/2016\/07\/Cappuccino-Serviervorschlag-300x225.jpg\" alt=\"Cappuccino-Serviervorschlag\" width=\"300\" height=\"225\" srcset=\"https:\/\/www.multi-extrakt.ch\/wp-content\/uploads\/2016\/07\/Cappuccino-Serviervorschlag-120x90.jpg 120w, https:\/\/www.multi-extrakt.ch\/wp-content\/uploads\/2016\/07\/Cappuccino-Serviervorschlag-200x150.jpg 200w, https:\/\/www.multi-extrakt.ch\/wp-content\/uploads\/2016\/07\/Cappuccino-Serviervorschlag-300x225.jpg 300w, https:\/\/www.multi-extrakt.ch\/wp-content\/uploads\/2016\/07\/Cappuccino-Serviervorschlag-400x300.jpg 400w, https:\/\/www.multi-extrakt.ch\/wp-content\/uploads\/2016\/07\/Cappuccino-Serviervorschlag-500x375.jpg 500w, https:\/\/www.multi-extrakt.ch\/wp-content\/uploads\/2016\/07\/Cappuccino-Serviervorschlag-600x450.jpg 600w, https:\/\/www.multi-extrakt.ch\/wp-content\/uploads\/2016\/07\/Cappuccino-Serviervorschlag-768x576.jpg 768w, https:\/\/www.multi-extrakt.ch\/wp-content\/uploads\/2016\/07\/Cappuccino-Serviervorschlag-800x600.jpg 800w, https:\/\/www.multi-extrakt.ch\/wp-content\/uploads\/2016\/07\/Cappuccino-Serviervorschlag-1024x768.jpg 1024w, https:\/\/www.multi-extrakt.ch\/wp-content\/uploads\/2016\/07\/Cappuccino-Serviervorschlag-1200x900.jpg 1200w, https:\/\/www.multi-extrakt.ch\/wp-content\/uploads\/2016\/07\/Cappuccino-Serviervorschlag.jpg 2560w\" sizes=\"(max-width: 300px) 100vw, 300px\" \/><\/a><\/p>\n<\/div><div class=\"fusion-clearfix\"><\/div><\/div><\/div><\/div><\/div>\n","protected":false},"excerpt":{"rendered":"","protected":false},"author":2,"featured_media":0,"parent":0,"menu_order":0,"comment_status":"closed","ping_status":"closed","template":"","meta":{"footnotes":""},"class_list":["post-493","page","type-page","status-publish","hentry"],"_links":{"self":[{"href":"https:\/\/www.multi-extrakt.ch\/fr\/wp-json\/wp\/v2\/pages\/493","targetHints":{"allow":["GET"]}}],"collection":[{"href":"https:\/\/www.multi-extrakt.ch\/fr\/wp-json\/wp\/v2\/pages"}],"about":[{"href":"https:\/\/www.multi-extrakt.ch\/fr\/wp-json\/wp\/v2\/types\/page"}],"author":[{"embeddable":true,"href":"https:\/\/www.multi-extrakt.ch\/fr\/wp-json\/wp\/v2\/users\/2"}],"replies":[{"embeddable":true,"href":"https:\/\/www.multi-extrakt.ch\/fr\/wp-json\/wp\/v2\/comments?post=493"}],"version-history":[{"count":7,"href":"https:\/\/www.multi-extrakt.ch\/fr\/wp-json\/wp\/v2\/pages\/493\/revisions"}],"predecessor-version":[{"id":2148,"href":"https:\/\/www.multi-extrakt.ch\/fr\/wp-json\/wp\/v2\/pages\/493\/revisions\/2148"}],"wp:attachment":[{"href":"https:\/\/www.multi-extrakt.ch\/fr\/wp-json\/wp\/v2\/media?parent=493"}],"curies":[{"name":"wp","href":"https:\/\/api.w.org\/{rel}","templated":true}]}}