{"id":480,"date":"2015-10-23T06:28:11","date_gmt":"2015-10-23T06:28:11","guid":{"rendered":"http:\/\/www.multi-extrakt.ch\/fr\/dienstleistungen\/"},"modified":"2022-02-25T15:53:01","modified_gmt":"2022-02-25T14:53:01","slug":"services","status":"publish","type":"page","link":"https:\/\/www.multi-extrakt.ch\/fr\/services\/","title":{"rendered":"Nos services"},"content":{"rendered":"<div class=\"fusion-fullwidth fullwidth-box fusion-builder-row-1 nonhundred-percent-fullwidth non-hundred-percent-height-scrolling\" style=\"--awb-background-position:left top;--awb-border-radius-top-left:0px;--awb-border-radius-top-right:0px;--awb-border-radius-bottom-right:0px;--awb-border-radius-bottom-left:0px;--awb-padding-top:20px;--awb-padding-bottom:20px;--awb-border-sizes-top:0px;--awb-border-sizes-bottom:0px;--awb-flex-wrap:wrap;\" ><div class=\"fusion-builder-row fusion-row\"><div class=\"fusion-layout-column fusion_builder_column fusion-builder-column-0 fusion_builder_column_1_1 1_1 fusion-one-full fusion-column-first fusion-column-last\" style=\"--awb-bg-size:cover;\"><div class=\"fusion-column-wrapper fusion-flex-column-wrapper-legacy\"><div class=\"fusion-title title fusion-title-1 fusion-sep-none fusion-title-text fusion-title-size-two\"><h2 class=\"fusion-title-heading title-heading-left\" style=\"margin:0;\">Vous cherchez des nouveaut\u00e9s dans le domaine des boissons aux c\u00e9r\u00e9ales?<\/h2><\/div><div class=\"fusion-text fusion-text-1\"><p>Vous nous contactez: Avec vos id\u00e9es et notre exp\u00e9rience nous sommes s\u00fbrs de trouver le produit inventif et optimal pour votre march\u00e9.<\/p>\n<p>&nbsp;<\/p>\n<p>Avec des partenaires choisis soigneusement nous mettons en s\u00fbret\u00e9 le processus complet des mati\u00e8res premi\u00e8res aux poudre fini. Nos associ\u00e9s sont des sp\u00e9cialistes non seulement de la culture mais aussi dans le s\u00e9chage des ingr\u00e9dients et aussi de leurs torr\u00e9faction optimale.<\/p>\n<p>&nbsp;<\/p>\n<p>Notre processus de l\u2019extraction garanti depuis des dizaines d\u2019ann\u00e9es l\u2019extraction plein d\u2019\u00e9gards et \u00e9prouv\u00e9 des mati\u00e8res premi\u00e8res.<\/p>\n<p>&nbsp;<\/p>\n<p>Nous sommes votre sp\u00e9cialiste pour le s\u00e9chage par pulv\u00e9risation prudent et bien \u00e9labor\u00e9. Le r\u00e9sultat est un poudre instantan\u00e9 avec une structure incomparable, que garanti une mousse extraordinaire et vraiment appr\u00e9ci\u00e9s par nos consommateurs.<\/p>\n<\/div><div class=\"fusion-title title fusion-title-2 fusion-sep-none fusion-title-text fusion-title-size-two\"><h2 class=\"fusion-title-heading title-heading-left\" style=\"margin:0;\">Vous d\u00e9sirez un succ\u00e9dan\u00e9 torr\u00e9fi\u00e9 avec un go\u00fbt de cacao, de vanille, des \u00e9pices ou des autres ingr\u00e9dients\u00a0? Nous g\u00e9n\u00e9rons pour vous les m\u00e9langes diff\u00e9rents.<\/h2><\/div><div class=\"fusion-text fusion-text-2\"><p>Vous souhaitez l\u2019emballage dans des bo\u00eetes en fer blanc, dans des verres ou dans les sachets de remplissages\u00a0? Nous vous offrons la garantie d\u2019une r\u00e9alisation rapide et de haute qualit\u00e9 par notre flexibilit\u00e9 et notre large diversit\u00e9 de prestations.<\/p>\n<\/div><div class=\"fusion-image-element fusion-image-align-center in-legacy-container\" style=\"text-align:center;--awb-caption-title-font-family:var(--h2_typography-font-family);--awb-caption-title-font-weight:var(--h2_typography-font-weight);--awb-caption-title-font-style:var(--h2_typography-font-style);--awb-caption-title-size:var(--h2_typography-font-size);--awb-caption-title-transform:var(--h2_typography-text-transform);--awb-caption-title-line-height:var(--h2_typography-line-height);--awb-caption-title-letter-spacing:var(--h2_typography-letter-spacing);\"><div class=\"imageframe-align-center\"><span class=\" fusion-imageframe imageframe-none imageframe-1 hover-type-none\"><img decoding=\"async\" width=\"431\" height=\"293\" title=\"Verpackung\" src=\"https:\/\/www.multi-extrakt.ch\/wp-content\/uploads\/2015\/10\/verpackung.jpg\" alt class=\"img-responsive wp-image-206\" srcset=\"https:\/\/www.multi-extrakt.ch\/wp-content\/uploads\/2015\/10\/verpackung-300x204.jpg 300w, https:\/\/www.multi-extrakt.ch\/wp-content\/uploads\/2015\/10\/verpackung.jpg 431w\" sizes=\"(max-width: 431px) 100vw, 431px\" \/><\/span><\/div><\/div><div class=\"fusion-clearfix\"><\/div><\/div><\/div><\/div><\/div>\n","protected":false},"excerpt":{"rendered":"","protected":false},"author":1,"featured_media":0,"parent":0,"menu_order":0,"comment_status":"closed","ping_status":"closed","template":"","meta":{"footnotes":""},"class_list":["post-480","page","type-page","status-publish","hentry"],"_links":{"self":[{"href":"https:\/\/www.multi-extrakt.ch\/fr\/wp-json\/wp\/v2\/pages\/480","targetHints":{"allow":["GET"]}}],"collection":[{"href":"https:\/\/www.multi-extrakt.ch\/fr\/wp-json\/wp\/v2\/pages"}],"about":[{"href":"https:\/\/www.multi-extrakt.ch\/fr\/wp-json\/wp\/v2\/types\/page"}],"author":[{"embeddable":true,"href":"https:\/\/www.multi-extrakt.ch\/fr\/wp-json\/wp\/v2\/users\/1"}],"replies":[{"embeddable":true,"href":"https:\/\/www.multi-extrakt.ch\/fr\/wp-json\/wp\/v2\/comments?post=480"}],"version-history":[{"count":5,"href":"https:\/\/www.multi-extrakt.ch\/fr\/wp-json\/wp\/v2\/pages\/480\/revisions"}],"predecessor-version":[{"id":2165,"href":"https:\/\/www.multi-extrakt.ch\/fr\/wp-json\/wp\/v2\/pages\/480\/revisions\/2165"}],"wp:attachment":[{"href":"https:\/\/www.multi-extrakt.ch\/fr\/wp-json\/wp\/v2\/media?parent=480"}],"curies":[{"name":"wp","href":"https:\/\/api.w.org\/{rel}","templated":true}]}}