{"id":242,"date":"2015-12-07T08:43:29","date_gmt":"2015-12-07T08:43:29","guid":{"rendered":"http:\/\/www.multi-extrakt.ch\/fr\/?page_id=242"},"modified":"2022-02-25T15:53:01","modified_gmt":"2022-02-25T14:53:01","slug":"clients","status":"publish","type":"page","link":"https:\/\/www.multi-extrakt.ch\/fr\/clients\/","title":{"rendered":"Clients"},"content":{"rendered":"<div class=\"fusion-fullwidth fullwidth-box fusion-builder-row-1 nonhundred-percent-fullwidth non-hundred-percent-height-scrolling\" style=\"--awb-background-position:left top;--awb-border-radius-top-left:0px;--awb-border-radius-top-right:0px;--awb-border-radius-bottom-right:0px;--awb-border-radius-bottom-left:0px;--awb-padding-top:20px;--awb-padding-bottom:20px;--awb-border-sizes-top:0px;--awb-border-sizes-bottom:0px;--awb-flex-wrap:wrap;\" ><div class=\"fusion-builder-row fusion-row\"><div class=\"fusion-layout-column fusion_builder_column fusion-builder-column-0 fusion_builder_column_2_3 2_3 fusion-two-third fusion-column-first\" style=\"--awb-bg-size:cover;width:65.3333%; margin-right: 4%;\"><div class=\"fusion-column-wrapper fusion-flex-column-wrapper-legacy\"><div class=\"fusion-text fusion-text-1\"><p>Nos clients sont des consommateurs qui aiment le go\u00fbt de la chicor\u00e9e et des c\u00e9r\u00e9ales et qui veulent renoncer aux boissons comprenant des stimulants comme la caf\u00e9ine.<\/p>\n<\/div><div class=\"fusion-reading-box-container reading-box-container-1\" style=\"--awb-title-color:#333333;--awb-margin-top:0px;--awb-margin-bottom:84px;\"><div class=\"reading-box\" style=\"background-color:#f6f6f6;border-width:1px;border-color:#f6f6f6;border-top-width:3px;border-top-color:var(--primary_color);border-style:solid;\"><h2>Aujourd\u2019hui, le connaisseur de boissons aux c\u00e9r\u00e9ales, moderne et dynamique, s\u2019exprime ainsi :<\/h2><div class=\"reading-box-additional fusion-reading-box-additional\">Il recherche le plaisir authentique qu\u2019il trouve dans une large vari\u00e9t\u00e9 de nos succ\u00e9dan\u00e9s de caf\u00e9, \u00e0 l\u2019ar\u00f4me riche et plein.<\/p>\n<p>Notre exigence : des produits de premi\u00e8re qualit\u00e9 compos\u00e9s de mati\u00e8res premi\u00e8res ne comprenant aucun additif chimique.<\/p>\n<p>Nos clients attentifs \u00e0 leur sant\u00e9 recherchent une diversit\u00e9 de produits savoureux, exempts de stimulants dangereux pour leur corps.<\/p>\n<p>Nos succ\u00e9dan\u00e9s torr\u00e9fi\u00e9s en qualit\u00e9 instantan\u00e9 sont tr\u00e8s pratiques \u2013 on peut les pr\u00e9parer en tous temps et partout.<\/div><div class=\"fusion-clearfix\"><\/div><\/div><\/div><div class=\"fusion-clearfix\"><\/div><\/div><\/div><div class=\"fusion-layout-column fusion_builder_column fusion-builder-column-1 fusion_builder_column_1_3 1_3 fusion-one-third fusion-column-last\" style=\"--awb-bg-size:cover;width:30.6666%;\"><div class=\"fusion-column-wrapper fusion-flex-column-wrapper-legacy\"><div class=\"fusion-slider-sc fusion-flexslider-loading flexslider flexslider-hover-type-none\" data-slideshow_autoplay=\"1\" data-slideshow_smooth_height=\"0\" data-slideshow_speed=\"7000\" style=\"max-width:100%;height:100%;\"><ul class=\"slides\"><li class=\"image\"><span class=\"fusion-image-hover-element hover-type-none\"><img decoding=\"async\" src=\"https:\/\/www.multi-extrakt.ch\/wp-content\/uploads\/2015\/10\/tasse_freigestellt_weiss.jpg\" width=\"500\" height=\"367\" \/><\/span><\/li><li class=\"image\"><span class=\"fusion-image-hover-element hover-type-none\"><img decoding=\"async\" src=\"https:\/\/www.multi-extrakt.ch\/wp-content\/uploads\/2016\/07\/Belmix-Tipp.jpg\" width=\"716\" height=\"957\" \/><\/span><\/li><\/ul><\/div><div class=\"fusion-clearfix\"><\/div><\/div><\/div><\/div><\/div>\n","protected":false},"excerpt":{"rendered":"","protected":false},"author":1,"featured_media":0,"parent":0,"menu_order":0,"comment_status":"closed","ping_status":"closed","template":"","meta":{"footnotes":""},"class_list":["post-242","page","type-page","status-publish","hentry"],"_links":{"self":[{"href":"https:\/\/www.multi-extrakt.ch\/fr\/wp-json\/wp\/v2\/pages\/242","targetHints":{"allow":["GET"]}}],"collection":[{"href":"https:\/\/www.multi-extrakt.ch\/fr\/wp-json\/wp\/v2\/pages"}],"about":[{"href":"https:\/\/www.multi-extrakt.ch\/fr\/wp-json\/wp\/v2\/types\/page"}],"author":[{"embeddable":true,"href":"https:\/\/www.multi-extrakt.ch\/fr\/wp-json\/wp\/v2\/users\/1"}],"replies":[{"embeddable":true,"href":"https:\/\/www.multi-extrakt.ch\/fr\/wp-json\/wp\/v2\/comments?post=242"}],"version-history":[{"count":5,"href":"https:\/\/www.multi-extrakt.ch\/fr\/wp-json\/wp\/v2\/pages\/242\/revisions"}],"predecessor-version":[{"id":2151,"href":"https:\/\/www.multi-extrakt.ch\/fr\/wp-json\/wp\/v2\/pages\/242\/revisions\/2151"}],"wp:attachment":[{"href":"https:\/\/www.multi-extrakt.ch\/fr\/wp-json\/wp\/v2\/media?parent=242"}],"curies":[{"name":"wp","href":"https:\/\/api.w.org\/{rel}","templated":true}]}}