{"id":185,"date":"2015-12-07T07:46:29","date_gmt":"2015-12-07T07:46:29","guid":{"rendered":"http:\/\/www.multi-extrakt.ch\/fr\/?page_id=185"},"modified":"2022-02-25T15:53:01","modified_gmt":"2022-02-25T14:53:01","slug":"page-dacceuil","status":"publish","type":"page","link":"https:\/\/www.multi-extrakt.ch\/fr\/","title":{"rendered":"Page d&rsquo;accueil"},"content":{"rendered":"<div class=\"fusion-fullwidth fullwidth-box fusion-builder-row-1 hundred-percent-fullwidth non-hundred-percent-height-scrolling\" style=\"--awb-border-radius-top-left:0px;--awb-border-radius-top-right:0px;--awb-border-radius-bottom-right:0px;--awb-border-radius-bottom-left:0px;--awb-overflow:visible;--awb-flex-wrap:wrap;\" ><div class=\"fusion-builder-row fusion-row\"><div class=\"fusion-layout-column fusion_builder_column fusion-builder-column-0 fusion_builder_column_1_2 1_2 fusion-one-half fusion-column-first\" style=\"--awb-bg-size:cover;width:48%; margin-right: 4%;\"><div class=\"fusion-column-wrapper fusion-flex-column-wrapper-legacy\"><div class=\"fusion-title title fusion-title-1 fusion-sep-none fusion-title-text fusion-title-size-two\"><h2 class=\"fusion-title-heading title-heading-left\" style=\"margin:0;\">Am\u00e9lioration du succ\u00e9dan\u00e9 torr\u00e9fi\u00e9!<\/h2><\/div><div class=\"fusion-text fusion-text-1\"><p>Nous mettons au premier plan non seulement le go\u00fbt, mais aussi le plaisir de d\u00e9guster.<\/p>\n<p>Pour nos clients, nous d\u00e9veloppons\u00a0diff\u00e9rentes recettes jusqu&rsquo;\u00e0 obtenir le meilleur r\u00e9sultat.<\/p>\n<p>D\u00e9sirez-vous des nouveaut\u00e9s dans le domaine des succ\u00e9dan\u00e9s de caf\u00e9\u00a0? \u00a0Parlez-en\u00a0avec nous\u00a0: Gr\u00e2ce \u00e0\u00a0vos id\u00e9es et notre exp\u00e9rience nous obtiendrons certainement un produit novateur, un\u00a0succ\u00e9dan\u00e9 torr\u00e9fi\u00e9 en qualit\u00e9 instantan\u00e9.<\/p>\n<\/div><div class=\"fusion-clearfix\"><\/div><\/div><\/div><div class=\"fusion-layout-column fusion_builder_column fusion-builder-column-1 fusion_builder_column_1_2 1_2 fusion-one-half fusion-column-last\" style=\"--awb-bg-size:cover;width:48%;\"><div class=\"fusion-column-wrapper fusion-flex-column-wrapper-legacy\"><div class=\"fusion-slider-sc fusion-flexslider-loading flexslider flexslider-hover-type-none\" data-slideshow_autoplay=\"1\" data-slideshow_smooth_height=\"0\" data-slideshow_speed=\"7000\" style=\"max-width:100%;height:100%;\"><ul class=\"slides\"><li class=\"image\"><span class=\"fusion-image-hover-element hover-type-none\"><img decoding=\"async\" src=\"https:\/\/www.multi-extrakt.ch\/wp-content\/uploads\/2016\/07\/Aussenansicht-vorne.jpg\" width=\"2608\" height=\"1952\" \/><\/span><\/li><li class=\"image\"><span class=\"fusion-image-hover-element hover-type-none\"><img decoding=\"async\" src=\"https:\/\/www.multi-extrakt.ch\/wp-content\/uploads\/2015\/10\/tasse_freigestellt_weiss.jpg\" width=\"500\" height=\"367\" \/><\/span><\/li><\/ul><\/div><div class=\"fusion-clearfix\"><\/div><\/div><\/div><div class=\"fusion-layout-column fusion_builder_column fusion-builder-column-2 fusion_builder_column_1_3 1_3 fusion-one-third fusion-column-first\" style=\"--awb-bg-size:cover;width:30.6666%; margin-right: 4%;\"><div class=\"fusion-column-wrapper fusion-flex-column-wrapper-legacy\"><div class=\"fusion-recent-posts fusion-recent-posts-1 avada-container layout-default layout-columns-1\"><section class=\"fusion-columns columns fusion-columns-1 columns-1\"><article class=\"post fusion-column column col col-lg-12 col-md-12 col-sm-12\"><div class=\"recent-posts-content\"><span class=\"vcard\" style=\"display: none;\"><span class=\"fn\"><a href=\"https:\/\/www.multi-extrakt.ch\/fr\/author\/admin\/\" title=\"Articles par admin\" rel=\"author\">admin<\/a><\/span><\/span><span class=\"updated\" style=\"display:none;\">2018-11-05T07:39:16+01:00<\/span><h4 class=\"entry-title\"><a href=\"https:\/\/www.multi-extrakt.ch\/fr\/2016\/11\/03\/linuline-dans-la-racine-de-chicoree\/\">L&rsquo;inuline dans la racine de chicor\u00e9e<\/a><\/h4><p>Savez-vous que la racine de chicor\u00e9e est naturellement tr\u00e8s riche en Inuline?<\/p><\/div><\/article><article class=\"post fusion-column column col col-lg-12 col-md-12 col-sm-12\"><div class=\"recent-posts-content\"><span class=\"vcard\" style=\"display: none;\"><span class=\"fn\"><a href=\"https:\/\/www.multi-extrakt.ch\/fr\/author\/mosimannmulti-extrakt-ch\/\" title=\"Articles par Ren\u00e9 Mosimann\" rel=\"author\">Ren\u00e9 Mosimann<\/a><\/span><\/span><span class=\"updated\" style=\"display:none;\">2016-11-10T07:47:10+01:00<\/span><h4 class=\"entry-title\"><a href=\"https:\/\/www.multi-extrakt.ch\/fr\/2016\/10\/25\/glutenfree\/\">Sans Gluten<\/a><\/h4><p>Savez-vous que tous nos succ\u00e9dan\u00e9s de caf\u00e9 en qualit\u00e9 soluble, ne contiennent pas de gluten? L'absence de gluten s'explique ainsi: Les prolamines et glutamines forment ensemble la forme de\u00a0prot\u00e9ine appel\u00e9e gluten. Ces deux prot\u00e9ines ne [...]<\/p><\/div><\/article><\/section><\/div><div class=\"fusion-clearfix\"><\/div><\/div><\/div><div class=\"fusion-layout-column fusion_builder_column fusion-builder-column-3 fusion_builder_column_2_3 2_3 fusion-two-third fusion-column-last\" style=\"--awb-bg-size:cover;width:65.3333%;\"><div class=\"fusion-column-wrapper fusion-flex-column-wrapper-legacy\"><div class=\"fusion-reading-box-container reading-box-container-1\" style=\"--awb-title-color:#333333;--awb-margin-top:0px;--awb-margin-bottom:84px;\"><div class=\"reading-box\" style=\"background-color:#f6f6f6;border-width:1px;border-color:#f6f6f6;border-top-width:3px;border-top-color:var(--primary_color);border-style:solid;\"><a class=\"button fusion-button button-default fusion-button-large button-large button-flat fusion-desktop-button fusion-tagline-button continue fusion-desktop-button-margin continue-right\" style=\"-webkit-box-shadow:none;-moz-box-shadow:none;box-shadow:none;border-radius:0px 0px 0px 0px\" href=\"http:\/\/www.multi-extrakt.ch\/shop\/\" target=\"_self\"><span>entrer \u00e0 la boutique internet<\/span><\/a><h2>Actualit\u00e9: boutique Internet!<\/h2><div class=\"reading-box-description fusion-reading-box-additional\">Commandez directement en ligne ou visitez notre boutique d\u2019usine!<\/div><div class=\"fusion-clearfix\"><\/div><a class=\"button fusion-button button-default fusion-button-large button-large button-flat fusion-mobile-button continue-right\" style=\"-webkit-box-shadow:none;-moz-box-shadow:none;box-shadow:none;border-radius:0px 0px 0px 0px\" href=\"http:\/\/www.multi-extrakt.ch\/shop\/\" target=\"_self\"><span>entrer \u00e0 la boutique internet<\/span><\/a><\/div><\/div><div class=\"fusion-clearfix\"><\/div><\/div><\/div><\/div><\/div>\n","protected":false},"excerpt":{"rendered":"","protected":false},"author":1,"featured_media":0,"parent":0,"menu_order":0,"comment_status":"closed","ping_status":"closed","template":"","meta":{"footnotes":""},"class_list":["post-185","page","type-page","status-publish","hentry"],"_links":{"self":[{"href":"https:\/\/www.multi-extrakt.ch\/fr\/wp-json\/wp\/v2\/pages\/185","targetHints":{"allow":["GET"]}}],"collection":[{"href":"https:\/\/www.multi-extrakt.ch\/fr\/wp-json\/wp\/v2\/pages"}],"about":[{"href":"https:\/\/www.multi-extrakt.ch\/fr\/wp-json\/wp\/v2\/types\/page"}],"author":[{"embeddable":true,"href":"https:\/\/www.multi-extrakt.ch\/fr\/wp-json\/wp\/v2\/users\/1"}],"replies":[{"embeddable":true,"href":"https:\/\/www.multi-extrakt.ch\/fr\/wp-json\/wp\/v2\/comments?post=185"}],"version-history":[{"count":11,"href":"https:\/\/www.multi-extrakt.ch\/fr\/wp-json\/wp\/v2\/pages\/185\/revisions"}],"predecessor-version":[{"id":2152,"href":"https:\/\/www.multi-extrakt.ch\/fr\/wp-json\/wp\/v2\/pages\/185\/revisions\/2152"}],"wp:attachment":[{"href":"https:\/\/www.multi-extrakt.ch\/fr\/wp-json\/wp\/v2\/media?parent=185"}],"curies":[{"name":"wp","href":"https:\/\/api.w.org\/{rel}","templated":true}]}}