{"id":169,"date":"2015-11-20T10:11:59","date_gmt":"2015-11-20T10:11:59","guid":{"rendered":"http:\/\/www.multi-extrakt.ch\/fr\/?page_id=169"},"modified":"2024-07-31T15:49:25","modified_gmt":"2024-07-31T13:49:25","slug":"qualite","status":"publish","type":"page","link":"https:\/\/www.multi-extrakt.ch\/fr\/qualite\/","title":{"rendered":"La qualit\u00e9"},"content":{"rendered":"<div class=\"fusion-fullwidth fullwidth-box fusion-builder-row-1 hundred-percent-fullwidth non-hundred-percent-height-scrolling\" style=\"--awb-background-position:left top;--awb-border-color:#f6f6f6;--awb-border-radius-top-left:0px;--awb-border-radius-top-right:0px;--awb-border-radius-bottom-right:0px;--awb-border-radius-bottom-left:0px;--awb-padding-right:0px;--awb-padding-left:0px;--awb-background-color:#fff;--awb-flex-wrap:wrap;\" ><div class=\"fusion-builder-row fusion-row\"><div class=\"fusion-layout-column fusion_builder_column fusion-builder-column-0 fusion_builder_column_1_2 1_2 fusion-one-half fusion-column-first\" style=\"--awb-bg-size:cover;width:48%; margin-right: 4%;\"><div class=\"fusion-column-wrapper fusion-flex-column-wrapper-legacy\"><div class=\"fusion-title title fusion-title-1 fusion-sep-none fusion-title-text fusion-title-size-one\"><h1 class=\"fusion-title-heading title-heading-left\" style=\"margin:0;\">Notre qualit\u00e9<\/h1><\/div><div class=\"fusion-text fusion-text-1\"><p>La qualit\u00e9 de nos succ\u00e9dan\u00e9s de caf\u00e9 commence par un choix minutieux des plus savoureuses mati\u00e8res premi\u00e8res. Nous ne prenons en consid\u00e9ration que des fournisseurs que nous connaissons bien, et avec lesquels nous entretenons depuis longtemps une relation de confiance. Selon un plan \u00e9tabli de v\u00e9rification, tous les ingr\u00e9dients sont test\u00e9s avant l\u2019usage pour la production.<\/p>\n<p>En 1990 nous avons sign\u00e9 un contrat de licence avec la commission DEMETER pour offrir la qualit\u00e9 bio-dynamique.<\/p>\n<p>L\u2019union Europ\u00e9enne a \u00e9tabli en 1991 la convention pour la qualit\u00e9 biologique. C\u2019est pourquoi notre maison est l\u2019une des premi\u00e8res contr\u00f4l\u00e9e et certifi\u00e9e d\u00e8s 1992 \u00e0 2020 par l\u2019IMO (Institut d\u2019eco commerce). D\u00e8s 2021 la contr\u00f4le et la certification bio est faite par Ecocert Group.<\/p>\n<p>De plus, nous avons aussi un contrat de licence pour le sigle bourgeon de BIO-SUISSE.<\/p>\n<\/div><div class=\"fusion-clearfix\"><\/div><\/div><\/div><div class=\"fusion-layout-column fusion_builder_column fusion-builder-column-1 fusion_builder_column_1_2 1_2 fusion-one-half fusion-column-last\" style=\"--awb-bg-size:cover;width:48%;\"><div class=\"fusion-column-wrapper fusion-flex-column-wrapper-legacy\"><div class=\"fusion-title title fusion-title-2 fusion-sep-none fusion-title-text fusion-title-size-one\"><h1 class=\"fusion-title-heading title-heading-left\" style=\"margin:0;\">Notre devise<\/h1><\/div><div class=\"fusion-text fusion-text-2\"><p>Avec des ingr\u00e9dients soigneusement choisis et une mani\u00e8re de production pleine d\u2019\u00e9gards, nous offrons \u00e0 nos clients un succ\u00e9dan\u00e9 de caf\u00e9 de grande qualit\u00e9 et tr\u00e8s digeste.<\/p>\n<p><strong>Pour la qualit\u00e9 conventionnelle ou BIO et pour la qualit\u00e9 DEMETER : <\/strong>Nous n\u2019utilisons que des mati\u00e8res premi\u00e8res strictement contr\u00f4l\u00e9es.<\/p>\n<p>Compte tenu des emballages recyclables, nous contribuons \u00e0 un environnement sain et un futur proche de la nature.<\/p>\n<\/div><div class=\"fusion-clearfix\"><\/div><\/div><\/div><div class=\"fusion-layout-column fusion_builder_column fusion-builder-column-2 fusion_builder_column_1_3 1_3 fusion-one-third fusion-column-first\" style=\"--awb-bg-size:cover;width:30.6666%; margin-right: 4%;\"><div class=\"fusion-column-wrapper fusion-flex-column-wrapper-legacy\"><div class=\"fusion-reading-box-container reading-box-container-1\" style=\"--awb-title-color:#333333;--awb-margin-top:0px;--awb-margin-bottom:84px;\"><div class=\"reading-box reading-box-center\" style=\"background-color:#f6f6f6;border-width:1px;border-color:#f6f6f6;border-top-width:3px;border-top-color:var(--primary_color);border-style:solid;\"><h2>Ecocert Group<\/h2><div class=\"reading-box-additional fusion-reading-box-additional\">\n<p><a href=\"https:\/\/www.multi-extrakt.ch\/wp-content\/uploads\/2024\/07\/Logo-Ecocert-Group-EN-CMJN.jpg\"><img decoding=\"async\" class=\"alignnone size-medium wp-image-2720\" src=\"https:\/\/www.multi-extrakt.ch\/wp-content\/uploads\/2024\/07\/Logo-Ecocert-Group-EN-CMJN-300x132.jpg\" alt=\"\" width=\"300\" height=\"132\" srcset=\"https:\/\/www.multi-extrakt.ch\/wp-content\/uploads\/2024\/07\/Logo-Ecocert-Group-EN-CMJN-200x88.jpg 200w, https:\/\/www.multi-extrakt.ch\/wp-content\/uploads\/2024\/07\/Logo-Ecocert-Group-EN-CMJN-300x132.jpg 300w, https:\/\/www.multi-extrakt.ch\/wp-content\/uploads\/2024\/07\/Logo-Ecocert-Group-EN-CMJN-400x176.jpg 400w, https:\/\/www.multi-extrakt.ch\/wp-content\/uploads\/2024\/07\/Logo-Ecocert-Group-EN-CMJN-500x220.jpg 500w, https:\/\/www.multi-extrakt.ch\/wp-content\/uploads\/2024\/07\/Logo-Ecocert-Group-EN-CMJN-600x264.jpg 600w, https:\/\/www.multi-extrakt.ch\/wp-content\/uploads\/2024\/07\/Logo-Ecocert-Group-EN-CMJN-768x338.jpg 768w, https:\/\/www.multi-extrakt.ch\/wp-content\/uploads\/2024\/07\/Logo-Ecocert-Group-EN-CMJN-800x352.jpg 800w, https:\/\/www.multi-extrakt.ch\/wp-content\/uploads\/2024\/07\/Logo-Ecocert-Group-EN-CMJN-1024x450.jpg 1024w, https:\/\/www.multi-extrakt.ch\/wp-content\/uploads\/2024\/07\/Logo-Ecocert-Group-EN-CMJN.jpg 1181w\" sizes=\"(max-width: 300px) 100vw, 300px\" \/><\/a><\/p>\n<\/div><div class=\"fusion-clearfix\"><\/div><\/div><\/div><div class=\"fusion-clearfix\"><\/div><\/div><\/div><div class=\"fusion-layout-column fusion_builder_column fusion-builder-column-3 fusion_builder_column_1_3 1_3 fusion-one-third\" style=\"--awb-bg-size:cover;width:30.6666%; margin-right: 4%;\"><div class=\"fusion-column-wrapper fusion-flex-column-wrapper-legacy\"><div class=\"fusion-reading-box-container reading-box-container-2\" style=\"--awb-title-color:#333333;--awb-margin-top:0px;--awb-margin-bottom:84px;\"><div class=\"reading-box reading-box-center\" style=\"background-color:#f6f6f6;border-width:1px;border-color:#f6f6f6;border-top-width:3px;border-top-color:var(--primary_color);border-style:solid;\"><h2>demeter<\/h2><div class=\"reading-box-additional fusion-reading-box-additional\"><img decoding=\"async\" class=\"alignnone wp-image-441\" src=\"http:\/\/www.multi-extrakt.ch\/wp-content\/uploads\/2016\/08\/Demeter-D-300x156.jpg\" width=\"192\" height=\"100\" srcset=\"https:\/\/www.multi-extrakt.ch\/wp-content\/uploads\/2016\/08\/Demeter-D-120x62.jpg 120w, https:\/\/www.multi-extrakt.ch\/wp-content\/uploads\/2016\/08\/Demeter-D-200x104.jpg 200w, https:\/\/www.multi-extrakt.ch\/wp-content\/uploads\/2016\/08\/Demeter-D-300x156.jpg 300w, https:\/\/www.multi-extrakt.ch\/wp-content\/uploads\/2016\/08\/Demeter-D-400x208.jpg 400w, https:\/\/www.multi-extrakt.ch\/wp-content\/uploads\/2016\/08\/Demeter-D.jpg 475w\" sizes=\"(max-width: 192px) 100vw, 192px\" \/><\/div><div class=\"fusion-clearfix\"><\/div><\/div><\/div><div class=\"fusion-clearfix\"><\/div><\/div><\/div><div class=\"fusion-layout-column fusion_builder_column fusion-builder-column-4 fusion_builder_column_1_3 1_3 fusion-one-third fusion-column-last\" style=\"--awb-bg-size:cover;width:30.6666%;\"><div class=\"fusion-column-wrapper fusion-flex-column-wrapper-legacy\"><div class=\"fusion-reading-box-container reading-box-container-3\" style=\"--awb-title-color:#333333;--awb-margin-top:0px;--awb-margin-bottom:84px;\"><div class=\"reading-box reading-box-center\" style=\"background-color:#f6f6f6;border-width:1px;border-color:#f6f6f6;border-top-width:3px;border-top-color:var(--primary_color);border-style:solid;\"><h2>BIO<\/h2><div class=\"reading-box-additional fusion-reading-box-additional\"><img decoding=\"async\" class=\"alignnone wp-image-476\" src=\"http:\/\/www.multi-extrakt.ch\/wp-content\/uploads\/2016\/08\/Bio-Suisse-Logo.jpg\" width=\"73\" height=\"100\" srcset=\"https:\/\/www.multi-extrakt.ch\/wp-content\/uploads\/2016\/08\/Bio-Suisse-Logo-120x165.jpg 120w, https:\/\/www.multi-extrakt.ch\/wp-content\/uploads\/2016\/08\/Bio-Suisse-Logo-200x275.jpg 200w, https:\/\/www.multi-extrakt.ch\/wp-content\/uploads\/2016\/08\/Bio-Suisse-Logo-218x300.jpg 218w, https:\/\/www.multi-extrakt.ch\/wp-content\/uploads\/2016\/08\/Bio-Suisse-Logo-400x550.jpg 400w, https:\/\/www.multi-extrakt.ch\/wp-content\/uploads\/2016\/08\/Bio-Suisse-Logo-500x687.jpg 500w, https:\/\/www.multi-extrakt.ch\/wp-content\/uploads\/2016\/08\/Bio-Suisse-Logo-600x825.jpg 600w, https:\/\/www.multi-extrakt.ch\/wp-content\/uploads\/2016\/08\/Bio-Suisse-Logo.jpg 630w\" sizes=\"(max-width: 73px) 100vw, 73px\" \/><\/div><div class=\"fusion-clearfix\"><\/div><\/div><\/div><div class=\"fusion-clearfix\"><\/div><\/div><\/div><\/div><\/div>\n","protected":false},"excerpt":{"rendered":"","protected":false},"author":1,"featured_media":0,"parent":0,"menu_order":0,"comment_status":"closed","ping_status":"closed","template":"","meta":{"footnotes":""},"class_list":["post-169","page","type-page","status-publish","hentry"],"_links":{"self":[{"href":"https:\/\/www.multi-extrakt.ch\/fr\/wp-json\/wp\/v2\/pages\/169","targetHints":{"allow":["GET"]}}],"collection":[{"href":"https:\/\/www.multi-extrakt.ch\/fr\/wp-json\/wp\/v2\/pages"}],"about":[{"href":"https:\/\/www.multi-extrakt.ch\/fr\/wp-json\/wp\/v2\/types\/page"}],"author":[{"embeddable":true,"href":"https:\/\/www.multi-extrakt.ch\/fr\/wp-json\/wp\/v2\/users\/1"}],"replies":[{"embeddable":true,"href":"https:\/\/www.multi-extrakt.ch\/fr\/wp-json\/wp\/v2\/comments?post=169"}],"version-history":[{"count":12,"href":"https:\/\/www.multi-extrakt.ch\/fr\/wp-json\/wp\/v2\/pages\/169\/revisions"}],"predecessor-version":[{"id":2724,"href":"https:\/\/www.multi-extrakt.ch\/fr\/wp-json\/wp\/v2\/pages\/169\/revisions\/2724"}],"wp:attachment":[{"href":"https:\/\/www.multi-extrakt.ch\/fr\/wp-json\/wp\/v2\/media?parent=169"}],"curies":[{"name":"wp","href":"https:\/\/api.w.org\/{rel}","templated":true}]}}